{"id":72,"date":"2021-06-11T02:53:41","date_gmt":"2021-06-11T02:53:41","guid":{"rendered":"https:\/\/sarur.com\/?page_id=72"},"modified":"2021-08-19T14:43:45","modified_gmt":"2021-08-19T14:43:45","slug":"quienes-somos","status":"publish","type":"page","link":"https:\/\/sarur.com\/index.php\/quienes-somos\/","title":{"rendered":"QUI\u00c9NES SOMOS"},"content":{"rendered":"\t\t<div data-elementor-type=\"wp-page\" data-elementor-id=\"72\" class=\"elementor elementor-72\" data-elementor-settings=\"[]\">\n\t\t\t\t\t\t\t<div class=\"elementor-section-wrap\">\n\t\t\t\t\t\t\t<section class=\"elementor-section elementor-top-section elementor-element elementor-element-8ba8728 elementor-section-full_width elementor-section-content-top elementor-section-height-default elementor-section-height-default\" data-id=\"8ba8728\" data-element_type=\"section\">\n\t\t\t\t\t\t<div class=\"elementor-container elementor-column-gap-no\">\n\t\t\t\t\t<div class=\"elementor-column elementor-col-100 elementor-top-column elementor-element elementor-element-cc5d6fc\" data-id=\"cc5d6fc\" data-element_type=\"column\">\n\t\t\t<div class=\"elementor-widget-wrap elementor-element-populated\">\n\t\t\t\t\t\t\t\t<div class=\"elementor-element elementor-element-e273b74 elementor-widget elementor-widget-image\" data-id=\"e273b74\" data-element_type=\"widget\" data-widget_type=\"image.default\">\n\t\t\t\t<div class=\"elementor-widget-container\">\n\t\t\t\t\t\t\t\t\t\t\t\t\t\t\t<img width=\"2048\" height=\"796\" src=\"https:\/\/sarur.com\/wp-content\/uploads\/2021\/08\/Sarur-4.1-2048x796.jpg\" class=\"attachment-2048x2048 size-2048x2048\" alt=\"\" loading=\"lazy\" srcset=\"https:\/\/sarur.com\/wp-content\/uploads\/2021\/08\/Sarur-4.1-2048x796.jpg 2048w, https:\/\/sarur.com\/wp-content\/uploads\/2021\/08\/Sarur-4.1-300x117.jpg 300w, https:\/\/sarur.com\/wp-content\/uploads\/2021\/08\/Sarur-4.1-1024x398.jpg 1024w, https:\/\/sarur.com\/wp-content\/uploads\/2021\/08\/Sarur-4.1-768x299.jpg 768w, https:\/\/sarur.com\/wp-content\/uploads\/2021\/08\/Sarur-4.1-1536x597.jpg 1536w, https:\/\/sarur.com\/wp-content\/uploads\/2021\/08\/Sarur-4.1-18x7.jpg 18w\" sizes=\"(max-width: 2048px) 100vw, 2048px\" \/>\t\t\t\t\t\t\t\t\t\t\t\t\t\t\t<\/div>\n\t\t\t\t<\/div>\n\t\t\t\t\t<\/div>\n\t\t<\/div>\n\t\t\t\t\t\t\t<\/div>\n\t\t<\/section>\n\t\t\t\t<section class=\"elementor-section elementor-top-section elementor-element elementor-element-6cbd265 elementor-section-boxed elementor-section-height-default elementor-section-height-default\" data-id=\"6cbd265\" data-element_type=\"section\">\n\t\t\t\t\t\t<div class=\"elementor-container elementor-column-gap-default\">\n\t\t\t\t\t<div class=\"elementor-column elementor-col-100 elementor-top-column elementor-element elementor-element-ce76b10\" data-id=\"ce76b10\" data-element_type=\"column\">\n\t\t\t<div class=\"elementor-widget-wrap elementor-element-populated\">\n\t\t\t\t\t\t\t\t<div class=\"elementor-element elementor-element-ec53aa9 elementor-widget elementor-widget-heading\" data-id=\"ec53aa9\" data-element_type=\"widget\" data-widget_type=\"heading.default\">\n\t\t\t\t<div class=\"elementor-widget-container\">\n\t\t\t<h2 class=\"elementor-heading-title elementor-size-default\">LA FIRMA<\/h2>\t\t<\/div>\n\t\t\t\t<\/div>\n\t\t\t\t<div class=\"elementor-element elementor-element-b70a0dd elementor-widget-divider--view-line elementor-widget elementor-widget-divider\" data-id=\"b70a0dd\" data-element_type=\"widget\" data-widget_type=\"divider.default\">\n\t\t\t\t<div class=\"elementor-widget-container\">\n\t\t\t\t\t<div class=\"elementor-divider\">\n\t\t\t<span class=\"elementor-divider-separator\">\n\t\t\t\t\t\t<\/span>\n\t\t<\/div>\n\t\t\t\t<\/div>\n\t\t\t\t<\/div>\n\t\t\t\t<div class=\"elementor-element elementor-element-5e74bef elementor-widget elementor-widget-text-editor\" data-id=\"5e74bef\" data-element_type=\"widget\" data-widget_type=\"text-editor.default\">\n\t\t\t\t<div class=\"elementor-widget-container\">\n\t\t\t\t\t\t\t<p>Somos una firma de abogados, contadores y auditores<span style=\"font-style: inherit; font-weight: inherit; color: var( --e-global-color-text ); font-family: var( --e-global-typography-text-font-family );\">\u00a0que en forma personalizada e integral proporciona a su selecta clientela, servicios corporativos habituales en los grandes grupos empresariales, para (i) dise\u00f1ar, estructurar e implementar esquemas jur\u00eddicos; (ii) prevenir y resolver problemas legales, fiscales, financieros y administrativos; y (iii) generar informaci\u00f3n veraz y oportuna de los negocios e inversiones de nuestra clientela para garantizar el estricto cumplimiento de sus obligaciones legales, fiscales y financieras.<\/span><\/p>\t\t\t\t\t\t<\/div>\n\t\t\t\t<\/div>\n\t\t\t\t<div class=\"elementor-element elementor-element-b130c0b elementor-widget elementor-widget-heading\" data-id=\"b130c0b\" data-element_type=\"widget\" data-widget_type=\"heading.default\">\n\t\t\t\t<div class=\"elementor-widget-container\">\n\t\t\t<h2 class=\"elementor-heading-title elementor-size-default\">MISI\u00d3N<\/h2>\t\t<\/div>\n\t\t\t\t<\/div>\n\t\t\t\t<div class=\"elementor-element elementor-element-14daad6 elementor-widget-divider--view-line elementor-widget elementor-widget-divider\" data-id=\"14daad6\" data-element_type=\"widget\" data-widget_type=\"divider.default\">\n\t\t\t\t<div class=\"elementor-widget-container\">\n\t\t\t\t\t<div class=\"elementor-divider\">\n\t\t\t<span class=\"elementor-divider-separator\">\n\t\t\t\t\t\t<\/span>\n\t\t<\/div>\n\t\t\t\t<\/div>\n\t\t\t\t<\/div>\n\t\t\t\t<div class=\"elementor-element elementor-element-22b310c elementor-widget elementor-widget-text-editor\" data-id=\"22b310c\" data-element_type=\"widget\" data-widget_type=\"text-editor.default\">\n\t\t\t\t<div class=\"elementor-widget-container\">\n\t\t\t\t\t\t\t<p>Ser una reconocida firma de abogados y auditores, reconocida en el mercado por la alta calidad de sus servicios y por compartir el \u00e9xito y crecimiento de su clientela.<\/p>\t\t\t\t\t\t<\/div>\n\t\t\t\t<\/div>\n\t\t\t\t<div class=\"elementor-element elementor-element-a265062 elementor-widget elementor-widget-heading\" data-id=\"a265062\" data-element_type=\"widget\" data-widget_type=\"heading.default\">\n\t\t\t\t<div class=\"elementor-widget-container\">\n\t\t\t<h2 class=\"elementor-heading-title elementor-size-default\">VISI\u00d3N<\/h2>\t\t<\/div>\n\t\t\t\t<\/div>\n\t\t\t\t<div class=\"elementor-element elementor-element-bf1df22 elementor-widget-divider--view-line elementor-widget elementor-widget-divider\" data-id=\"bf1df22\" data-element_type=\"widget\" data-widget_type=\"divider.default\">\n\t\t\t\t<div class=\"elementor-widget-container\">\n\t\t\t\t\t<div class=\"elementor-divider\">\n\t\t\t<span class=\"elementor-divider-separator\">\n\t\t\t\t\t\t<\/span>\n\t\t<\/div>\n\t\t\t\t<\/div>\n\t\t\t\t<\/div>\n\t\t\t\t<div class=\"elementor-element elementor-element-1dc0919 elementor-widget elementor-widget-text-editor\" data-id=\"1dc0919\" data-element_type=\"widget\" data-widget_type=\"text-editor.default\">\n\t\t\t\t<div class=\"elementor-widget-container\">\n\t\t\t\t\t\t\t<p>Somos una firma de abogados, contadores y auditores con m\u00e1s de 50 a\u00f1os de experiencia en el dise\u00f1o, instrumentaci\u00f3n y operaci\u00f3n de estructuras patrimoniales, legales, fiscales y administrativas para hacer m\u00e1s seguros y rentables los negocios e inversiones de nuestros clientes.<\/p>\t\t\t\t\t\t<\/div>\n\t\t\t\t<\/div>\n\t\t\t\t<div class=\"elementor-element elementor-element-9388bab elementor-widget elementor-widget-spacer\" data-id=\"9388bab\" data-element_type=\"widget\" data-widget_type=\"spacer.default\">\n\t\t\t\t<div class=\"elementor-widget-container\">\n\t\t\t\t\t<div class=\"elementor-spacer\">\n\t\t\t<div class=\"elementor-spacer-inner\"><\/div>\n\t\t<\/div>\n\t\t\t\t<\/div>\n\t\t\t\t<\/div>\n\t\t\t\t\t<\/div>\n\t\t<\/div>\n\t\t\t\t\t\t\t<\/div>\n\t\t<\/section>\n\t\t\t\t\t\t<\/div>\n\t\t\t\t\t<\/div>\n\t\t","protected":false},"excerpt":{"rendered":"<p>LA FIRMA Somos una firma de abogados, contadores y auditores\u00a0que en forma personalizada e integral proporciona a su selecta clientela, servicios corporativos habituales en los grandes grupos empresariales, para (i) dise\u00f1ar, estructurar e implementar esquemas jur\u00eddicos; (ii) prevenir y resolver problemas legales, fiscales, financieros y administrativos; y (iii) generar informaci\u00f3n veraz y oportuna de los &hellip;<\/p>\n<p class=\"read-more\"> <a class=\"\" href=\"https:\/\/sarur.com\/index.php\/quienes-somos\/\"> <span class=\"screen-reader-text\">QUI\u00c9NES SOMOS<\/span> Leer m\u00e1s &raquo;<\/a><\/p>\n","protected":false},"author":1,"featured_media":0,"parent":0,"menu_order":0,"comment_status":"closed","ping_status":"closed","template":"","meta":{"site-sidebar-layout":"no-sidebar","site-content-layout":"page-builder","ast-main-header-display":"","ast-hfb-above-header-display":"","ast-hfb-below-header-display":"","ast-hfb-mobile-header-display":"","site-post-title":"disabled","ast-breadcrumbs-content":"","ast-featured-img":"disabled","footer-sml-layout":"","theme-transparent-header-meta":"default","adv-header-id-meta":"","stick-header-meta":"","header-above-stick-meta":"","header-main-stick-meta":"","header-below-stick-meta":""},"_links":{"self":[{"href":"https:\/\/sarur.com\/index.php\/wp-json\/wp\/v2\/pages\/72"}],"collection":[{"href":"https:\/\/sarur.com\/index.php\/wp-json\/wp\/v2\/pages"}],"about":[{"href":"https:\/\/sarur.com\/index.php\/wp-json\/wp\/v2\/types\/page"}],"author":[{"embeddable":true,"href":"https:\/\/sarur.com\/index.php\/wp-json\/wp\/v2\/users\/1"}],"replies":[{"embeddable":true,"href":"https:\/\/sarur.com\/index.php\/wp-json\/wp\/v2\/comments?post=72"}],"version-history":[{"count":60,"href":"https:\/\/sarur.com\/index.php\/wp-json\/wp\/v2\/pages\/72\/revisions"}],"predecessor-version":[{"id":1337,"href":"https:\/\/sarur.com\/index.php\/wp-json\/wp\/v2\/pages\/72\/revisions\/1337"}],"wp:attachment":[{"href":"https:\/\/sarur.com\/index.php\/wp-json\/wp\/v2\/media?parent=72"}],"curies":[{"name":"wp","href":"https:\/\/api.w.org\/{rel}","templated":true}]}}